{"id":8618,"date":"2024-06-17T12:33:39","date_gmt":"2024-06-17T10:33:39","guid":{"rendered":"https:\/\/grandpack.com\/home\/"},"modified":"2024-12-17T10:35:01","modified_gmt":"2024-12-17T09:35:01","slug":"home","status":"publish","type":"page","link":"https:\/\/grandpack.com\/en\/","title":{"rendered":"Home"},"content":{"rendered":"<section class=\"l-section wpb_row us_custom_b15c8ffa height_medium full_height valign_center width_custom\" style=\"--site-content-width:900px;\" id=\"second\"><div class=\"l-section-overlay\" style=\"background:rgba(0,0,0,0.45)\"><\/div><div class=\"l-section-h i-cf\"><div class=\"g-cols vc_row via_grid cols_1 laptops-cols_inherit tablets-cols_inherit mobiles-cols_1 valign_top type_default stacking_default\"><div class=\"wpb_column vc_column_container us_custom_c8146a01 stretched\"><div class=\"vc_column-inner\"><div class=\"wpb_text_column us_custom_c1f09684 has_text_color\"><div class=\"wpb_wrapper\"><h1>Subcontracting<br \/>Order picking<br \/>Quality control<\/h1>\n<\/div><\/div><div class=\"w-separator size_small\"><\/div><div class=\"wpb_text_column us_custom_b0258daa has_text_color\"><div class=\"wpb_wrapper\"><p style=\"text-align: left;\"><span style=\"font-weight: 400;\">Outsource the day-to-day, develop the future.  <\/span><\/p>\n<\/div><\/div><div class=\"w-separator size_small\"><\/div><div class=\"w-btn-wrapper align_left\"><a class=\"w-btn us-btn-style_27\" href=\"https:\/\/grandpack.com\/contact\/\"><span class=\"w-btn-label\">Contact us<\/span><\/a><\/div><\/div><\/div><\/div><\/div><\/section><section class=\"l-section wpb_row height_large width_custom\" style=\"--site-content-width:900px;\"><div class=\"l-section-h i-cf\"><div class=\"g-cols vc_row via_grid cols_1 laptops-cols_inherit tablets-cols_inherit mobiles-cols_1 valign_top type_default stacking_default\"><div class=\"wpb_column vc_column_container us_custom_368f3968 stretched\"><div class=\"vc_column-inner\"><div class=\"wpb_text_column\"><div class=\"wpb_wrapper\"><h2 style=\"text-align: center;\">What can we do for you?<\/h2>\n<\/div><\/div><div class=\"w-separator size_small\"><\/div><div class=\"w-image align_center\"><div class=\"w-image-h\"><img decoding=\"async\" width=\"34\" height=\"36\" src=\"https:\/\/grandpack.com\/wp-content\/uploads\/2024\/06\/grandpack-icone-sous-traitance-1.png\" class=\"attachment-thumbnail size-thumbnail\" alt=\"\" loading=\"lazy\" \/><\/div><\/div><div class=\"w-separator size_medium\"><\/div><div class=\"wpb_text_column\"><div class=\"wpb_wrapper\"><p style=\"text-align: center;\"><span style=\"font-weight: 400;\">As an entrepreneur, seizing new opportunities and securing your company\u2019s future are crucial. <\/span><\/p>\n<p style=\"text-align: center;\"><span style=\"font-weight: 400;\">Yet many entrepreneurs fall into the trap of focusing solely on their existing customers and markets, thus neglecting future development.<\/span><\/p>\n<p style=\"text-align: center;\"><span style=\"font-weight: 400;\">This is where GrandPack comes in: by enabling you to outsource easily outsourced tasks at low cost, you free up valuable resources to concentrate on what really matters &#8211; developing your business.<\/span><\/p>\n<p style=\"text-align: center;\"><span style=\"font-weight: 400;\">Don&#8217;t let small tasks jeopardize the future of your business, entrust them to GrandPack and build a more secure future.<\/span><\/p>\n<p style=\"text-align: center;\"><strong>Your time, staff and workspace are your most precious resources &#8211; don&#8217;t waste them!<\/strong><\/p>\n<\/div><\/div><div class=\"w-separator size_medium\"><\/div><div class=\"w-btn-wrapper align_center\"><a class=\"w-btn us-btn-style_1\" href=\"https:\/\/grandpack.com\/contact\/\"><span class=\"w-btn-label\">Read more<\/span><\/a><\/div><\/div><\/div><\/div><\/div><\/section><section class=\"l-section wpb_row us_custom_853a0bd1 height_large\"><div class=\"l-section-h i-cf\"><div class=\"g-cols vc_row via_grid cols_1 laptops-cols_inherit tablets-cols_inherit mobiles-cols_1 valign_top type_default stacking_default\"><div class=\"wpb_column vc_column_container\"><div class=\"vc_column-inner\"><div class=\"wpb_text_column us_custom_2e9da019\"><div class=\"wpb_wrapper\"><h2 style=\"text-align: center;\">Services<\/h2>\n<\/div><\/div><div class=\"w-separator size_medium\"><\/div><div class=\"g-cols wpb_row via_grid cols_2 laptops-cols_inherit tablets-cols_inherit mobiles-cols_1 valign_middle type_default stacking_default\" style=\"--gap:4vw;\"><div class=\"wpb_column vc_column_container\"><div class=\"vc_column-inner\"><div class=\"w-image style_circle align_none\"><div class=\"w-image-h\"><img decoding=\"async\" width=\"1024\" height=\"1024\" src=\"https:\/\/grandpack.com\/wp-content\/uploads\/2024\/06\/grandpack-sous-traitance.jpeg\" class=\"attachment-large size-large\" alt=\"\" loading=\"lazy\" srcset=\"https:\/\/grandpack.com\/wp-content\/uploads\/2024\/06\/grandpack-sous-traitance.jpeg 1024w, https:\/\/grandpack.com\/wp-content\/uploads\/2024\/06\/grandpack-sous-traitance-300x300.jpeg 300w, https:\/\/grandpack.com\/wp-content\/uploads\/2024\/06\/grandpack-sous-traitance-150x150.jpeg 150w\" sizes=\"auto, (max-width: 1024px) 100vw, 1024px\" \/><\/div><\/div><\/div><\/div><div class=\"wpb_column vc_column_container\"><div class=\"vc_column-inner\"><div class=\"wpb_text_column\"><div class=\"wpb_wrapper\"><h3>Outsourcing<\/h3>\n<p><span style=\"font-weight: 400;\">GrandPack can integrate any type of task you wish to outsource.<\/span><\/p>\n<\/div><\/div><div class=\"w-separator size_small\"><\/div><div class=\"w-btn-wrapper align_left\"><a class=\"w-btn us-btn-style_27\" href=\"https:\/\/grandpack.com\/services\/\"><span class=\"w-btn-label\">Read more<\/span><\/a><\/div><\/div><\/div><\/div><div class=\"w-separator size_large\"><\/div><div class=\"g-cols wpb_row via_grid cols_2 laptops-cols_inherit tablets-cols_inherit mobiles-cols_1 valign_middle type_default reversed stacking_default\" style=\"--gap:4vw;\"><div class=\"wpb_column vc_column_container\"><div class=\"vc_column-inner\"><div class=\"wpb_text_column\"><div class=\"wpb_wrapper\"><h3>Order preparation<\/h3>\n<p><span style=\"font-weight: 400;\">GrandPack manages your product inventory and prepares, packs and dispatches orders to your customers.<\/span><\/p>\n<\/div><\/div><div class=\"w-separator size_small\"><\/div><div class=\"w-btn-wrapper align_left\"><a class=\"w-btn us-btn-style_27\" href=\"https:\/\/grandpack.com\/services\/\"><span class=\"w-btn-label\">Read more<\/span><\/a><\/div><\/div><\/div><div class=\"wpb_column vc_column_container\"><div class=\"vc_column-inner\"><div class=\"w-image style_circle has_ratio align_none\"><div class=\"w-image-h\"><div style=\"padding-bottom:100%\"><\/div><img decoding=\"async\" width=\"1024\" height=\"1024\" src=\"https:\/\/grandpack.com\/wp-content\/uploads\/2024\/06\/grandpack-preparation-de-commandes.jpeg\" class=\"attachment-large size-large\" alt=\"\" loading=\"lazy\" \/><\/div><\/div><\/div><\/div><\/div><div class=\"w-separator size_large\"><\/div><div class=\"g-cols wpb_row via_grid cols_2 laptops-cols_inherit tablets-cols_inherit mobiles-cols_1 valign_middle type_default stacking_default\" style=\"--gap:4vw;\"><div class=\"wpb_column vc_column_container\"><div class=\"vc_column-inner\"><div class=\"w-image style_circle has_ratio align_none\"><div class=\"w-image-h\"><div style=\"padding-bottom:100%\"><\/div><img decoding=\"async\" width=\"1024\" height=\"1024\" src=\"https:\/\/grandpack.com\/wp-content\/uploads\/2024\/06\/grandpack-controle-qualite-cables-electriques.jpeg\" class=\"attachment-large size-large\" alt=\"\" loading=\"lazy\" \/><\/div><\/div><\/div><\/div><div class=\"wpb_column vc_column_container\"><div class=\"vc_column-inner\"><div class=\"wpb_text_column\"><div class=\"wpb_wrapper\"><h3>Cable testing<\/h3>\n<p><span style=\"font-weight: 400;\">GrandPack can test all types of electrical cable to your specifications.<\/span><\/p>\n<\/div><\/div><div class=\"w-separator size_small\"><\/div><div class=\"w-btn-wrapper align_left\"><a class=\"w-btn us-btn-style_27\" href=\"https:\/\/grandpack.com\/services\/\"><span class=\"w-btn-label\">Read more<\/span><\/a><\/div><\/div><\/div><\/div><\/div><\/div><\/div><\/div><\/section><section class=\"l-section wpb_row height_custom\"><div class=\"l-section-overlay\" style=\"background:var(--color-content-bg-alt)\"><\/div><div class=\"l-section-h i-cf\"><div class=\"g-cols vc_row via_grid cols_1 laptops-cols_inherit tablets-cols_inherit mobiles-cols_1 valign_top type_default stacking_default\"><div class=\"wpb_column vc_column_container us_custom_2c45f91b\"><div class=\"vc_column-inner\"><div class=\"wpb_text_column\"><div class=\"wpb_wrapper\"><h2 style=\"text-align: center;\">Contact us<\/h2>\n<\/div><\/div><div class=\"w-separator size_small\"><\/div><div class=\"w-image us_custom_5c0dde35 align_center\"><div class=\"w-image-h\"><img decoding=\"async\" width=\"34\" height=\"36\" src=\"https:\/\/grandpack.com\/wp-content\/uploads\/2024\/06\/grandpack-icone-sous-traitance-1.png\" class=\"attachment-thumbnail size-thumbnail\" alt=\"\" loading=\"lazy\" \/><\/div><\/div><div class=\"w-separator size_small\"><\/div><div class=\"wpb_text_column us_custom_7a1cc367 has_text_color\"><div class=\"wpb_wrapper\"><p><span style=\"font-weight: 400;\">Ready to optimize your operations and reduce your costs? Contact us today to find out how GrandPack can help you! Contact us today to find out how GrandPack can help you!<\/span><\/p>\n<\/div><\/div><div class=\"w-separator size_small\"><\/div><div class=\"w-btn-wrapper align_center\"><a class=\"w-btn us-btn-style_27\" href=\"https:\/\/grandpack.com\/contact\/\"><span class=\"w-btn-label\">Read more<\/span><\/a><\/div><\/div><\/div><\/div><\/div><\/section>\n","protected":false},"excerpt":{"rendered":"SubcontractingOrder pickingQuality control Outsource the day-to-day, develop the future. Contact usWhat can we do for you? As an entrepreneur, seizing new opportunities and securing your company\u2019s future are crucial. Yet many entrepreneurs fall into the trap of focusing solely on their existing customers and markets, thus neglecting future development. This is where GrandPack comes in:...","protected":false},"author":2,"featured_media":0,"parent":0,"menu_order":0,"comment_status":"closed","ping_status":"closed","template":"","meta":{"footnotes":""},"class_list":["post-8618","page","type-page","status-publish","hentry"],"yoast_head":"<!-- This site is optimized with the Yoast SEO plugin v24.1 - https:\/\/yoast.com\/wordpress\/plugins\/seo\/ -->\n<title>Home - GrandPack<\/title>\n<meta name=\"robots\" content=\"index, follow, max-snippet:-1, max-image-preview:large, max-video-preview:-1\" \/>\n<link rel=\"canonical\" href=\"https:\/\/grandpack.com\/en\/home\/\" \/>\n<meta property=\"og:locale\" content=\"en_US\" \/>\n<meta property=\"og:type\" content=\"article\" \/>\n<meta property=\"og:title\" content=\"Home - GrandPack\" \/>\n<meta property=\"og:url\" content=\"https:\/\/grandpack.com\/en\/home\/\" \/>\n<meta property=\"og:site_name\" content=\"GrandPack\" \/>\n<meta property=\"article:modified_time\" content=\"2024-12-17T09:35:01+00:00\" \/>\n<meta name=\"twitter:card\" content=\"summary_large_image\" \/>\n<meta name=\"twitter:label1\" content=\"Est. reading time\" \/>\n\t<meta name=\"twitter:data1\" content=\"6 minutes\" \/>\n<script type=\"application\/ld+json\" class=\"yoast-schema-graph\">{\"@context\":\"https:\/\/schema.org\",\"@graph\":[{\"@type\":\"WebPage\",\"@id\":\"https:\/\/grandpack.com\/en\/home\/\",\"url\":\"https:\/\/grandpack.com\/en\/home\/\",\"name\":\"Home - GrandPack\",\"isPartOf\":{\"@id\":\"https:\/\/grandpack.com\/#website\"},\"datePublished\":\"2024-06-17T10:33:39+00:00\",\"dateModified\":\"2024-12-17T09:35:01+00:00\",\"breadcrumb\":{\"@id\":\"https:\/\/grandpack.com\/en\/home\/#breadcrumb\"},\"inLanguage\":\"en-US\",\"potentialAction\":[{\"@type\":\"ReadAction\",\"target\":[\"https:\/\/grandpack.com\/en\/home\/\"]}]},{\"@type\":\"BreadcrumbList\",\"@id\":\"https:\/\/grandpack.com\/en\/home\/#breadcrumb\",\"itemListElement\":[{\"@type\":\"ListItem\",\"position\":1,\"name\":\"Accueil\",\"item\":\"https:\/\/grandpack.com\/en\/home\/\"},{\"@type\":\"ListItem\",\"position\":2,\"name\":\"Home\"}]},{\"@type\":\"WebSite\",\"@id\":\"https:\/\/grandpack.com\/#website\",\"url\":\"https:\/\/grandpack.com\/\",\"name\":\"GrandPack\",\"description\":\"Sous-traitance - Pr\u00e9paration de commandes - Contr\u00f4le qualit\u00e9\",\"publisher\":{\"@id\":\"https:\/\/grandpack.com\/#organization\"},\"potentialAction\":[{\"@type\":\"SearchAction\",\"target\":{\"@type\":\"EntryPoint\",\"urlTemplate\":\"https:\/\/grandpack.com\/?s={search_term_string}\"},\"query-input\":{\"@type\":\"PropertyValueSpecification\",\"valueRequired\":true,\"valueName\":\"search_term_string\"}}],\"inLanguage\":\"en-US\"},{\"@type\":\"Organization\",\"@id\":\"https:\/\/grandpack.com\/#organization\",\"name\":\"GrandPack\",\"url\":\"https:\/\/grandpack.com\/\",\"logo\":{\"@type\":\"ImageObject\",\"inLanguage\":\"en-US\",\"@id\":\"https:\/\/grandpack.com\/#\/schema\/logo\/image\/\",\"url\":\"https:\/\/grandpack.com\/wp-content\/uploads\/2024\/06\/logo-grandpack-scaled.jpg\",\"contentUrl\":\"https:\/\/grandpack.com\/wp-content\/uploads\/2024\/06\/logo-grandpack-scaled.jpg\",\"width\":2560,\"height\":1810,\"caption\":\"GrandPack\"},\"image\":{\"@id\":\"https:\/\/grandpack.com\/#\/schema\/logo\/image\/\"}}]}<\/script>\n<!-- \/ Yoast SEO plugin. -->","yoast_head_json":{"title":"Home - GrandPack","robots":{"index":"index","follow":"follow","max-snippet":"max-snippet:-1","max-image-preview":"max-image-preview:large","max-video-preview":"max-video-preview:-1"},"canonical":"https:\/\/grandpack.com\/en\/home\/","og_locale":"en_US","og_type":"article","og_title":"Home - GrandPack","og_url":"https:\/\/grandpack.com\/en\/home\/","og_site_name":"GrandPack","article_modified_time":"2024-12-17T09:35:01+00:00","twitter_card":"summary_large_image","twitter_misc":{"Est. reading time":"6 minutes"},"schema":{"@context":"https:\/\/schema.org","@graph":[{"@type":"WebPage","@id":"https:\/\/grandpack.com\/en\/home\/","url":"https:\/\/grandpack.com\/en\/home\/","name":"Home - GrandPack","isPartOf":{"@id":"https:\/\/grandpack.com\/#website"},"datePublished":"2024-06-17T10:33:39+00:00","dateModified":"2024-12-17T09:35:01+00:00","breadcrumb":{"@id":"https:\/\/grandpack.com\/en\/home\/#breadcrumb"},"inLanguage":"en-US","potentialAction":[{"@type":"ReadAction","target":["https:\/\/grandpack.com\/en\/home\/"]}]},{"@type":"BreadcrumbList","@id":"https:\/\/grandpack.com\/en\/home\/#breadcrumb","itemListElement":[{"@type":"ListItem","position":1,"name":"Accueil","item":"https:\/\/grandpack.com\/en\/home\/"},{"@type":"ListItem","position":2,"name":"Home"}]},{"@type":"WebSite","@id":"https:\/\/grandpack.com\/#website","url":"https:\/\/grandpack.com\/","name":"GrandPack","description":"Sous-traitance - Pr\u00e9paration de commandes - Contr\u00f4le qualit\u00e9","publisher":{"@id":"https:\/\/grandpack.com\/#organization"},"potentialAction":[{"@type":"SearchAction","target":{"@type":"EntryPoint","urlTemplate":"https:\/\/grandpack.com\/?s={search_term_string}"},"query-input":{"@type":"PropertyValueSpecification","valueRequired":true,"valueName":"search_term_string"}}],"inLanguage":"en-US"},{"@type":"Organization","@id":"https:\/\/grandpack.com\/#organization","name":"GrandPack","url":"https:\/\/grandpack.com\/","logo":{"@type":"ImageObject","inLanguage":"en-US","@id":"https:\/\/grandpack.com\/#\/schema\/logo\/image\/","url":"https:\/\/grandpack.com\/wp-content\/uploads\/2024\/06\/logo-grandpack-scaled.jpg","contentUrl":"https:\/\/grandpack.com\/wp-content\/uploads\/2024\/06\/logo-grandpack-scaled.jpg","width":2560,"height":1810,"caption":"GrandPack"},"image":{"@id":"https:\/\/grandpack.com\/#\/schema\/logo\/image\/"}}]}},"_links":{"self":[{"href":"https:\/\/grandpack.com\/en\/wp-json\/wp\/v2\/pages\/8618","targetHints":{"allow":["GET"]}}],"collection":[{"href":"https:\/\/grandpack.com\/en\/wp-json\/wp\/v2\/pages"}],"about":[{"href":"https:\/\/grandpack.com\/en\/wp-json\/wp\/v2\/types\/page"}],"author":[{"embeddable":true,"href":"https:\/\/grandpack.com\/en\/wp-json\/wp\/v2\/users\/2"}],"replies":[{"embeddable":true,"href":"https:\/\/grandpack.com\/en\/wp-json\/wp\/v2\/comments?post=8618"}],"version-history":[{"count":3,"href":"https:\/\/grandpack.com\/en\/wp-json\/wp\/v2\/pages\/8618\/revisions"}],"predecessor-version":[{"id":8654,"href":"https:\/\/grandpack.com\/en\/wp-json\/wp\/v2\/pages\/8618\/revisions\/8654"}],"wp:attachment":[{"href":"https:\/\/grandpack.com\/en\/wp-json\/wp\/v2\/media?parent=8618"}],"curies":[{"name":"wp","href":"https:\/\/api.w.org\/{rel}","templated":true}]}}