{"id":8621,"date":"2024-06-07T11:57:36","date_gmt":"2024-06-07T09:57:36","guid":{"rendered":"https:\/\/grandpack.com\/terms-of-use\/"},"modified":"2024-12-11T11:03:51","modified_gmt":"2024-12-11T10:03:51","slug":"terms-of-use","status":"publish","type":"page","link":"https:\/\/grandpack.com\/en\/terms-of-use\/","title":{"rendered":"Terms of use"},"content":{"rendered":"<section class=\"l-section wpb_row height_custom\"><div class=\"l-section-h i-cf\"><div class=\"g-cols vc_row via_grid cols_1 laptops-cols_inherit tablets-cols_inherit mobiles-cols_1 valign_top type_default stacking_default\"><div class=\"wpb_column vc_column_container\"><div class=\"vc_column-inner\"><div class=\"wpb_text_column\"><div class=\"wpb_wrapper\"><h3 class=\"wp-block-heading\"><b>SITE OBJECTIVE  <\/b><\/h3>\n<p><span style=\"font-weight: 400;\">Le site a pour vocation de pr\u00e9senter l\u2019entreprise et les prestations propos\u00e9es par GRANDPACK.<\/span><\/p>\n<h3><b>WEBSITE PUBLISHER<\/b><\/h3>\n<p><span style=\"font-weight: 400;\">D\u00e9nomination et si\u00e8ge social : D2C ENGINEERING<\/span><\/p>\n<p><span style=\"font-weight: 400;\">Adresse postale : 3 AVENUE MICHEL CHEVALIER &#8211; 06130 GRASSE<\/span><\/p>\n<p><span style=\"font-weight: 400;\">T\u00e9l\u00e9phone : 06 88 57 53 69<\/span><\/p>\n<p><span style=\"font-weight: 400;\">Email : contact@grandpack.com\u00a0<\/span><\/p>\n<h3><b>TECHNICAL DESIGN &amp; PRODUCTION<\/b><\/h3>\n<p><a href=\"https:\/\/www.interpaul.fr\/\"><b>Interpaul<\/b><\/a><\/p>\n<p><span style=\"font-weight: 400;\">260 Impasse Lavoisier<\/span><\/p>\n<p><span style=\"font-weight: 400;\">83260 LA CRAU<\/span><\/p>\n<p><span style=\"font-weight: 400;\">T\u00e9l\u00e9phone : <\/span><span style=\"font-weight: 400;\">04 94 12 02 56<\/span><\/p>\n<p><span style=\"font-weight: 400;\">Email : hello@interpaul.fr<\/span><\/p>\n<h3><b>ACCOMMODATION<\/b><\/h3>\n<p><b>OVH<\/b><b><br \/><\/b><span style=\"font-weight: 400;\">SAS au capital de 10 059 500 euros<\/span><span style=\"font-weight: 400;\"><br \/><\/span><span style=\"font-weight: 400;\">Adresse si\u00e8ge social : 2 Rue Kellermann 59100 Roubaix<\/span><span style=\"font-weight: 400;\"><br \/><\/span><span style=\"font-weight: 400;\">1007.Prestataire d\u2019h\u00e9bergement<\/span><\/p>\n<h3><b>SITE ACCESS<\/b><\/h3>\n<p><span style=\"font-weight: 400;\">GRANDPACK se r\u00e9serve le droit de modifier, de suspendre ou d\u2019interrompre l\u2019acc\u00e8s \u00e0 tout ou partie du site. L\u2019ensemble des contenus du site sont prot\u00e9g\u00e9s par la l\u00e9gislation sur le droit d\u2019auteur. Vous ne pouvez en aucun cas reproduire, distribuer, modifier ou d\u00e9naturer le contenu du site, m\u00eame partiellement, sans l\u2019autorisation \u00e9crite et pr\u00e9alable de GRANDPACK.<\/span><\/p>\n<h3><b>RESPECT FOR PROPERTY RIGHTS AND TRADEMARKS<\/b><\/h3>\n<p><b>Les contenus du site :<\/b><b><br \/><\/b><span style=\"font-weight: 400;\">Sont prot\u00e9g\u00e9s par la l\u00e9gislation sur le droit d\u2019auteur. Vous ne pouvez en aucun cas reproduire, distribuer, modifier ou d\u00e9naturer le contenu de ce site, m\u00eame partiellement, sans l\u2019autorisation \u00e9crite et pr\u00e9alable de GRANDPACK.<\/span><\/p>\n<p><b>Les marques et logos figurant sur le site :<\/b><b><br \/><\/b><span style=\"font-weight: 400;\">Sont la propri\u00e9t\u00e9 de la GRANDPACK et font, le cas \u00e9ch\u00e9ant, l\u2019objet d\u2019autorisations d\u2019utilisation. GRANDPACK se r\u00e9serve le droit de poursuivre tout acte de contrefa\u00e7on de ses droits de propri\u00e9t\u00e9 intellectuelle, y compris dans le cadre d\u2019une action p\u00e9nale.<\/span><\/p>\n<h3><b>RESPECT FOR IMAGES<\/b><\/h3>\n<p><span style=\"font-weight: 400;\">Les images ou photographies publi\u00e9es sur le site sont la propri\u00e9t\u00e9 de GRANDPACK ou sont utilis\u00e9es par GRANDPACK avec l\u2019accord des titulaires des droits. L\u2019utilisation de ces images ou photographies est interdite sans autorisation expresse de GRANDPACK et peut constituer une violation des droits applicables aux communications ou \u00e0 la publicit\u00e9.<\/span><\/p>\n<p><span style=\"font-weight: 400;\">Le logo est la propri\u00e9t\u00e9 de GRANDPACK.<\/span><\/p>\n<h3><b>EXCLUSION OF LIABILITY AND INDEMNIFICATION<\/b><\/h3>\n<p><span style=\"font-weight: 400;\">GRANDPACK ou toute autre partie intervenant en relation avec le site ne saurait \u00eatre tenu responsable :<\/span><span style=\"font-weight: 400;\"><br \/><\/span><span style=\"font-weight: 400;\">&#8211; Des dommages directs, indirects ou autres, qui pourraient r\u00e9sulter de l\u2019acc\u00e8s au site ou de l\u2019utilisation de ses contenus. GRANDPACK ne saurait \u00eatre tenue responsable des dommages qui pourraient r\u00e9sulter de l\u2019acc\u00e8s ou de l\u2019utilisation du site, et notamment de toutes d\u00e9t\u00e9riorations ou virus qui pourraient infecter votre \u00e9quipement informatique ou tout autre bien.<\/span><\/p>\n<p><b>Pour votre information :<\/b><b><br \/><\/b><span style=\"font-weight: 400;\">GRANDPACK s\u2019efforce de mettre en \u0153uvre les moyens pour mettre \u00e0 jour les informations publi\u00e9es sur le site ; n\u00e9anmoins GRANDPACK ne saurait \u00eatre tenue pour responsable de toute erreur ou omission.<\/span><\/p>\n<p><b>Respect de la protection des donn\u00e9es personnelles<\/b><span style=\"font-weight: 400;\"><br \/><\/span><span style=\"font-weight: 400;\">GRANDPACK respecte la vie priv\u00e9e des utilisateurs du site.<\/span><\/p>\n<p><b>Collecte et utilisation des donn\u00e9es<\/b><b><br \/><\/b><span style=\"font-weight: 400;\">GRANDPACK ne collecte pas, \u00e0 partir du site, de donn\u00e9es personnelles telles que votre nom, votre adresse ou votre adresse e-mail.<\/span><span style=\"font-weight: 400;\"><br \/><\/span><span style=\"font-weight: 400;\">Toutefois, si vous souhaitez obtenir des informations relatives \u00e0 GRANDPACK ou \u00e0 l\u2019un de ses services depuis le site, il vous sera demand\u00e9 de remplir un formulaire et de nous fournir vos coordonn\u00e9es afin de recevoir l\u2019information sollicit\u00e9e.<\/span><span style=\"font-weight: 400;\"><br \/><\/span><span style=\"font-weight: 400;\">Conform\u00e9ment \u00e0 la Loi \u00ab Informatique et Libert\u00e9 \u00bb du 6 janvier 1978, nous vous informons que les donn\u00e9es requises \u00e0 l\u2019occasion d\u2019une demande d\u2019information sont n\u00e9cessaires \u00e0 la gestion de cette demande.<\/span><\/p>\n<h3><b>NON-PERSONAL DATA<\/b><\/h3>\n<p><span style=\"font-weight: 400;\">GRANDPACK s\u2019engage \u00e0 ce que la collecte et le traitement de vos donn\u00e9es, effectu\u00e9s \u00e0 partir du site <\/span><a href=\"https:\/\/grandpack.com\/\"><span style=\"font-weight: 400;\">https:\/\/grandpack.com\/<\/span><\/a><span style=\"font-weight: 400;\"> soient conformes au r\u00e8glement g\u00e9n\u00e9ral sur la protection des donn\u00e9es (RGPD) et \u00e0 la loi \u00ab Informatique et Libert\u00e9 \u00bb du 6 janvier 1978.<\/span><\/p>\n<h3><b>PERSONAL DATA PROCESSING<\/b><\/h3>\n<p><span style=\"font-weight: 400;\">Les informations recueillies sur ce site proviennent :<\/span><\/p>\n<ul>\n<li style=\"font-weight: 400;\" aria-level=\"1\"><span style=\"font-weight: 400;\">Soit de la communication volontaire d\u2019une adresse de courrier \u00e9lectronique lors du d\u00e9p\u00f4t d\u2019un message \u00e9lectronique d\u2019un utilisateur. Dans ce cas, l\u2018adresse courriel collect\u00e9e ne nous servira qu\u2019\u00e0 acheminer la r\u00e9ponse.<\/span><\/li>\n<li style=\"font-weight: 400;\" aria-level=\"1\"><span style=\"font-weight: 400;\">Soit de la compl\u00e9tion d\u2019un formulaire, et seront employ\u00e9es aux fins de l\u2019op\u00e9ration \u00e0 laquelle ce formulaire est d\u00e9di\u00e9e,<\/span><\/li>\n<\/ul>\n<p><span style=\"font-weight: 400;\">Les informations recueillies sur un formulaire sur sont enregistr\u00e9es dans un fichier informatis\u00e9 par le service communication pour l\u2019information interne ne pouvant \u00eatre utilis\u00e9es qu\u2019\u00e0 des fins statistiques. La base l\u00e9gale du traitement est la base contacts de <\/span><span style=\"font-weight: 400;\">GRANDPACK<\/span><span style=\"font-weight: 400;\">. Les donn\u00e9es collect\u00e9es seront communiqu\u00e9es aux seuls destinataires suivants : <\/span><span style=\"font-weight: 400;\">contact@grandpack.com<\/span><span style=\"font-weight: 400;\">. Les donn\u00e9es sont conserv\u00e9es pendant 2 ans.<\/span><\/p>\n<p><span style=\"font-weight: 400;\"><\/span><span style=\"font-weight: 400;\">Vous pouvez acc\u00e9der aux donn\u00e9es vous concernant, les rectifier, demander leur effacement ou exercer votre droit \u00e0 la limitation du traitement de vos donn\u00e9es. Pour exercer ces droits ou pour toute question sur le traitement de vos donn\u00e9es dans ce dispositif, vous pouvez nous contacter par courriel via <\/span><span style=\"font-weight: 400;\">contact@grandpack.com\u00a0<\/span><\/p>\n<p><span style=\"font-weight: 400;\">Consultez le site <\/span><a href=\"https:\/\/cnil.fr\/fr\"><span style=\"font-weight: 400;\">cnil.fr<\/span><\/a><span style=\"font-weight: 400;\"> pour plus d\u2019informations sur vos droits.<\/span><\/p>\n<p><span style=\"font-weight: 400;\">Si vous estimez, apr\u00e8s nous avoir contact\u00e9s, que vos droits \u00ab Informatique et Libert\u00e9s \u00bb ne sont pas respect\u00e9s, vous pouvez adresser une r\u00e9clamation \u00e0 la CNIL.<\/span><\/p>\n<p><span style=\"font-weight: 400;\">Des donn\u00e9es \u00e0 caract\u00e8re non personnel peuvent \u00eatre enregistr\u00e9es du fait du fonctionnement de nos serveurs, des d\u00e9veloppements mis en \u0153uvre sur le site ou encore \u00e0 des fins statistiques, comme par exemple, le type de navigateur ou du syst\u00e8me d\u2019exploitation utilis\u00e9 ou de votre adresse IP qui sont utilis\u00e9s. Ces donn\u00e9es sont collect\u00e9es dans l\u2019objectif d\u2019am\u00e9liorer votre navigation en ligne et la qualit\u00e9 de nos services et contenus.<\/span><\/p>\n<h3><b>SAFETY<\/b><\/h3>\n<p><span style=\"font-weight: 400;\">Pour garantir la s\u00e9curit\u00e9 des donn\u00e9es personnelles nous nous effor\u00e7ons de prendre les mesures techniques adapt\u00e9es afin de pr\u00e9venir d\u2019\u00e9ventuelles pertes ou d\u00e9tournements lors d\u2019une collecte ou d\u2019un stockage des donn\u00e9es que vous nous auriez communiqu\u00e9es.<\/span><span style=\"font-weight: 400;\"><br \/><\/span><span style=\"font-weight: 400;\">Utilisation de cookies<\/span><span style=\"font-weight: 400;\"><br \/><\/span><span style=\"font-weight: 400;\">Les cookies sont des petits fichiers d\u2019informations qu\u2019un site Web peut envoyer sur le disque dur d\u2019un ordinateur personnel pour ensuite en retrouver la trace. Les cookies ne sont pas utilis\u00e9s sur ce site.<\/span><\/p>\n<h3><b>USING IP ADDRESSES<\/b><\/h3>\n<p><span style=\"font-weight: 400;\">Une adresse IP est un nombre qui est automatiquement assign\u00e9 \u00e0 votre ordinateur par votre fournisseur d\u2019acc\u00e8s Internet lorsque vous naviguez sur le Web. Lorsque vous consultez des pages de notre site, nos serveurs collectent votre adresse IP \u00e0 des fins exclusivement statistiques, afin d\u2019analyser l\u2019utilisation faite de notre site.<\/span><span style=\"font-weight: 400;\"><br \/><\/span><span style=\"font-weight: 400;\">Nous vous informons que nous pouvons toutefois utiliser votre adresse IP en coop\u00e9ration avec votre fournisseur d\u2019acc\u00e8s \u00e0 Internet afin de vous identifier, dans l\u2019objectif de faire respecter nos conditions d\u2019utilisation ou de prot\u00e9ger nos services et nos clients ou encore, sur r\u00e9quisition des autorit\u00e9s judiciaires.<\/span><\/p>\n<p><span style=\"font-weight: 400;\">Pour en savoir plus concernant les lois sur la protection des donn\u00e9es : <\/span><a href=\"https:\/\/cnil.fr\/fr\"><span style=\"font-weight: 400;\">cnil.fr<\/span><\/a><\/p>\n<\/div><\/div><\/div><\/div><\/div><\/div><\/section>\n","protected":false},"excerpt":{"rendered":"SITE OBJECTIVE Le site a pour vocation de pr\u00e9senter l\u2019entreprise et les prestations propos\u00e9es par GRANDPACK. WEBSITE PUBLISHER D\u00e9nomination et si\u00e8ge social : D2C ENGINEERING Adresse postale : 3 AVENUE MICHEL CHEVALIER &#8211; 06130 GRASSE T\u00e9l\u00e9phone : 06 88 57 53 69 Email : contact@grandpack.com\u00a0 TECHNICAL DESIGN &amp; PRODUCTION Interpaul 260 Impasse Lavoisier 83260 LA...","protected":false},"author":1,"featured_media":0,"parent":0,"menu_order":0,"comment_status":"closed","ping_status":"open","template":"","meta":{"footnotes":""},"class_list":["post-8621","page","type-page","status-publish","hentry"],"yoast_head":"<!-- This site is optimized with the Yoast SEO plugin v24.1 - https:\/\/yoast.com\/wordpress\/plugins\/seo\/ -->\n<title>Terms of use - GrandPack<\/title>\n<meta name=\"robots\" content=\"index, follow, max-snippet:-1, max-image-preview:large, max-video-preview:-1\" \/>\n<link rel=\"canonical\" href=\"https:\/\/grandpack.com\/en\/terms-of-use\/\" \/>\n<meta property=\"og:locale\" content=\"en_US\" \/>\n<meta property=\"og:type\" content=\"article\" \/>\n<meta property=\"og:title\" content=\"Terms of use - GrandPack\" \/>\n<meta property=\"og:url\" content=\"https:\/\/grandpack.com\/en\/terms-of-use\/\" \/>\n<meta property=\"og:site_name\" content=\"GrandPack\" \/>\n<meta property=\"article:modified_time\" content=\"2024-12-11T10:03:51+00:00\" \/>\n<meta name=\"twitter:card\" content=\"summary_large_image\" \/>\n<meta name=\"twitter:label1\" content=\"Est. reading time\" \/>\n\t<meta name=\"twitter:data1\" content=\"6 minutes\" \/>\n<script type=\"application\/ld+json\" class=\"yoast-schema-graph\">{\"@context\":\"https:\/\/schema.org\",\"@graph\":[{\"@type\":\"WebPage\",\"@id\":\"https:\/\/grandpack.com\/en\/terms-of-use\/\",\"url\":\"https:\/\/grandpack.com\/en\/terms-of-use\/\",\"name\":\"Terms of use - GrandPack\",\"isPartOf\":{\"@id\":\"https:\/\/grandpack.com\/#website\"},\"datePublished\":\"2024-06-07T09:57:36+00:00\",\"dateModified\":\"2024-12-11T10:03:51+00:00\",\"breadcrumb\":{\"@id\":\"https:\/\/grandpack.com\/en\/terms-of-use\/#breadcrumb\"},\"inLanguage\":\"en-US\",\"potentialAction\":[{\"@type\":\"ReadAction\",\"target\":[\"https:\/\/grandpack.com\/en\/terms-of-use\/\"]}]},{\"@type\":\"BreadcrumbList\",\"@id\":\"https:\/\/grandpack.com\/en\/terms-of-use\/#breadcrumb\",\"itemListElement\":[{\"@type\":\"ListItem\",\"position\":1,\"name\":\"Accueil\",\"item\":\"https:\/\/grandpack.com\/en\/home\/\"},{\"@type\":\"ListItem\",\"position\":2,\"name\":\"Terms of use\"}]},{\"@type\":\"WebSite\",\"@id\":\"https:\/\/grandpack.com\/#website\",\"url\":\"https:\/\/grandpack.com\/\",\"name\":\"GrandPack\",\"description\":\"Sous-traitance - Pr\u00e9paration de commandes - Contr\u00f4le qualit\u00e9\",\"publisher\":{\"@id\":\"https:\/\/grandpack.com\/#organization\"},\"potentialAction\":[{\"@type\":\"SearchAction\",\"target\":{\"@type\":\"EntryPoint\",\"urlTemplate\":\"https:\/\/grandpack.com\/?s={search_term_string}\"},\"query-input\":{\"@type\":\"PropertyValueSpecification\",\"valueRequired\":true,\"valueName\":\"search_term_string\"}}],\"inLanguage\":\"en-US\"},{\"@type\":\"Organization\",\"@id\":\"https:\/\/grandpack.com\/#organization\",\"name\":\"GrandPack\",\"url\":\"https:\/\/grandpack.com\/\",\"logo\":{\"@type\":\"ImageObject\",\"inLanguage\":\"en-US\",\"@id\":\"https:\/\/grandpack.com\/#\/schema\/logo\/image\/\",\"url\":\"https:\/\/grandpack.com\/wp-content\/uploads\/2024\/06\/logo-grandpack-scaled.jpg\",\"contentUrl\":\"https:\/\/grandpack.com\/wp-content\/uploads\/2024\/06\/logo-grandpack-scaled.jpg\",\"width\":2560,\"height\":1810,\"caption\":\"GrandPack\"},\"image\":{\"@id\":\"https:\/\/grandpack.com\/#\/schema\/logo\/image\/\"}}]}<\/script>\n<!-- \/ Yoast SEO plugin. -->","yoast_head_json":{"title":"Terms of use - GrandPack","robots":{"index":"index","follow":"follow","max-snippet":"max-snippet:-1","max-image-preview":"max-image-preview:large","max-video-preview":"max-video-preview:-1"},"canonical":"https:\/\/grandpack.com\/en\/terms-of-use\/","og_locale":"en_US","og_type":"article","og_title":"Terms of use - GrandPack","og_url":"https:\/\/grandpack.com\/en\/terms-of-use\/","og_site_name":"GrandPack","article_modified_time":"2024-12-11T10:03:51+00:00","twitter_card":"summary_large_image","twitter_misc":{"Est. reading time":"6 minutes"},"schema":{"@context":"https:\/\/schema.org","@graph":[{"@type":"WebPage","@id":"https:\/\/grandpack.com\/en\/terms-of-use\/","url":"https:\/\/grandpack.com\/en\/terms-of-use\/","name":"Terms of use - GrandPack","isPartOf":{"@id":"https:\/\/grandpack.com\/#website"},"datePublished":"2024-06-07T09:57:36+00:00","dateModified":"2024-12-11T10:03:51+00:00","breadcrumb":{"@id":"https:\/\/grandpack.com\/en\/terms-of-use\/#breadcrumb"},"inLanguage":"en-US","potentialAction":[{"@type":"ReadAction","target":["https:\/\/grandpack.com\/en\/terms-of-use\/"]}]},{"@type":"BreadcrumbList","@id":"https:\/\/grandpack.com\/en\/terms-of-use\/#breadcrumb","itemListElement":[{"@type":"ListItem","position":1,"name":"Accueil","item":"https:\/\/grandpack.com\/en\/home\/"},{"@type":"ListItem","position":2,"name":"Terms of use"}]},{"@type":"WebSite","@id":"https:\/\/grandpack.com\/#website","url":"https:\/\/grandpack.com\/","name":"GrandPack","description":"Sous-traitance - Pr\u00e9paration de commandes - Contr\u00f4le qualit\u00e9","publisher":{"@id":"https:\/\/grandpack.com\/#organization"},"potentialAction":[{"@type":"SearchAction","target":{"@type":"EntryPoint","urlTemplate":"https:\/\/grandpack.com\/?s={search_term_string}"},"query-input":{"@type":"PropertyValueSpecification","valueRequired":true,"valueName":"search_term_string"}}],"inLanguage":"en-US"},{"@type":"Organization","@id":"https:\/\/grandpack.com\/#organization","name":"GrandPack","url":"https:\/\/grandpack.com\/","logo":{"@type":"ImageObject","inLanguage":"en-US","@id":"https:\/\/grandpack.com\/#\/schema\/logo\/image\/","url":"https:\/\/grandpack.com\/wp-content\/uploads\/2024\/06\/logo-grandpack-scaled.jpg","contentUrl":"https:\/\/grandpack.com\/wp-content\/uploads\/2024\/06\/logo-grandpack-scaled.jpg","width":2560,"height":1810,"caption":"GrandPack"},"image":{"@id":"https:\/\/grandpack.com\/#\/schema\/logo\/image\/"}}]}},"_links":{"self":[{"href":"https:\/\/grandpack.com\/en\/wp-json\/wp\/v2\/pages\/8621","targetHints":{"allow":["GET"]}}],"collection":[{"href":"https:\/\/grandpack.com\/en\/wp-json\/wp\/v2\/pages"}],"about":[{"href":"https:\/\/grandpack.com\/en\/wp-json\/wp\/v2\/types\/page"}],"author":[{"embeddable":true,"href":"https:\/\/grandpack.com\/en\/wp-json\/wp\/v2\/users\/1"}],"replies":[{"embeddable":true,"href":"https:\/\/grandpack.com\/en\/wp-json\/wp\/v2\/comments?post=8621"}],"version-history":[{"count":1,"href":"https:\/\/grandpack.com\/en\/wp-json\/wp\/v2\/pages\/8621\/revisions"}],"predecessor-version":[{"id":8622,"href":"https:\/\/grandpack.com\/en\/wp-json\/wp\/v2\/pages\/8621\/revisions\/8622"}],"wp:attachment":[{"href":"https:\/\/grandpack.com\/en\/wp-json\/wp\/v2\/media?parent=8621"}],"curies":[{"name":"wp","href":"https:\/\/api.w.org\/{rel}","templated":true}]}}