{"id":8623,"date":"2024-06-17T15:56:27","date_gmt":"2024-06-17T13:56:27","guid":{"rendered":"https:\/\/grandpack.com\/contact\/"},"modified":"2024-12-11T11:05:04","modified_gmt":"2024-12-11T10:05:04","slug":"contact","status":"publish","type":"page","link":"https:\/\/grandpack.com\/en\/contact\/","title":{"rendered":"Contact"},"content":{"rendered":"<section class=\"l-section wpb_row height_custom\"><div class=\"l-section-h i-cf\"><div class=\"g-cols vc_row via_grid cols_1-2 laptops-cols_inherit tablets-cols_inherit mobiles-cols_1 valign_middle type_default stacking_default\"><div class=\"wpb_column vc_column_container\"><div class=\"vc_column-inner\"><h1 class=\"w-text us_custom_ea76afbe\"><span class=\"w-text-h\"><span class=\"w-text-value\">Contact<\/span><\/span><\/h1><div class=\"wpb_text_column us_custom_41104a16\"><div class=\"wpb_wrapper\"><p><a href=\"tel:+33688575369\"><b>06 88 57 53 69<\/b><\/a><br \/><a href=\"mailto:contact@grandpack.com\"><b>contact@grandpack.com<\/b><\/a><\/p>\n<p><b>Head office:<\/b><br \/>\n<span style=\"font-weight: 400;\">GrandPack SRL, Bucure\u0219ti Sectorul 4, Bulevardul REGINA MARIA, Nr. 32, PARTER, BIROUL NR 8, MODUL G <\/span><\/p>\n<p><b>Place of operation :<\/b><br \/>\n<span style=\"font-weight: 400;\">GrandPack SRL, Chiajna, str. Industriilor no. 56, Ilfov county  <\/span><\/p>\n<\/div><\/div><div class=\"w-separator size_medium\"><\/div><div class=\"wpb_text_column us_custom_41104a16\"><div class=\"wpb_wrapper\"><p><b>Follow us on<\/b><\/p>\n<\/div><\/div><div class=\"w-separator size_custom\" style=\"height:20px\"><\/div><div class=\"w-socials us_custom_733cf2a7 color_brand shape_square style_colored hover_fade\"><div class=\"w-socials-list\"><div class=\"w-socials-item linkedin\"><a href=\"https:\/\/www.linkedin.com\/company\/grandpack-srl\/\" class=\"w-socials-item-link\" aria-label=\"LinkedIn\"><span class=\"w-socials-item-link-hover\"><\/span><i class=\"fab fa-linkedin\"><\/i><\/a><div class=\"w-socials-item-popup\"><span>LinkedIn<\/span><\/div><\/div><\/div><\/div><\/div><\/div><div class=\"wpb_column vc_column_container us_custom_91367296 has_bg_color\"><div class=\"vc_column-inner\"><div class=\"wpb_text_column us_custom_ff853167 has_text_color\"><div class=\"wpb_wrapper\"><p><span style=\"font-weight: 400;\">Created in 2024 to take over some of the activities of its sister company, GrandPack SRL is the ideal solution for entrepreneurs wishing to free up resources and concentrate on developing and securing the future of their business.<\/span><\/p>\n<p><span style=\"font-weight: 400;\">Whether you&#8217;re setting up a start-up, taking over a business, or managing a small or medium-sized enterprise, your priority should be to devote your time and that of your employees to developing your business. In a world where global competition is omnipresent, it&#8217;s crucial to focus on high value-added tasks. Competition is ever-increasing, and your competitiveness is constantly being put to the test.  <\/span><\/p>\n<p><span style=\"font-weight: 400;\">Small businesses often face considerable challenges: lack of time, resources and personnel to anticipate technological, economic or behavioral changes. These obstacles threaten the future of many companies, which might disappear because of the loss of a major customer or a missed technological shift. <\/span><\/p>\n<\/div><\/div><\/div><\/div><\/div><\/div><\/section><section class=\"l-section wpb_row us_custom_853a0bd1 height_large\"><div class=\"l-section-h i-cf\"><div class=\"g-cols vc_row via_grid cols_1 laptops-cols_inherit tablets-cols_inherit mobiles-cols_1 valign_top type_default stacking_default\"><div class=\"wpb_column vc_column_container\"><div class=\"vc_column-inner\"><div class=\"wpb_text_column us_custom_2e9da019\"><div class=\"wpb_wrapper\"><h2 style=\"text-align: center;\">Our mission<\/h2>\n<\/div><\/div><div class=\"w-separator size_medium\"><\/div><div class=\"wpb_text_column us_custom_eb849559\"><div class=\"wpb_wrapper\"><p><span style=\"font-weight: 400;\">At GrandPack, we believe there&#8217;s a third way. By outsourcing certain tasks to GrandPack, you benefit from competitive costs, impeccable quality and maximum security. We take care of revenue-generating tasks that might potentially be on the path to obsolescence, freeing up your staff, machines and space for more strategic projects.  <\/span><\/p>\n<p><span style=\"font-weight: 400;\">The time and resources you gain by entrusting these tasks to us will enable you to :<\/span><br \/><strong>Expand your business, explore new opportunities and secure your future and that of your employees.<\/strong><\/p>\n<p><span style=\"font-weight: 400;\">And all this without the risks associated with relocation, without opening unfunded positions, without carrying out fit-out work, without taking on additional premises, and without destroying jobs. <\/span><\/p>\n<p><span style=\"font-weight: 400;\">GrandPack has a proven track record of taking risks for its founders, and is now ready to work alongside you for a prosperous future.<\/span><\/p><\/p>\n<\/div><\/div><\/div><\/div><\/div><\/div><\/section><section class=\"l-section wpb_row us_custom_45836147 height_large width_custom\" style=\"--site-content-width:900px;\"><div class=\"l-section-h i-cf\"><div class=\"g-cols vc_row via_grid cols_1 laptops-cols_inherit tablets-cols_inherit mobiles-cols_1 valign_top type_default stacking_default\"><div class=\"wpb_column vc_column_container us_custom_368f3968 stretched\"><div class=\"vc_column-inner\"><div class=\"wpb_text_column\"><div class=\"wpb_wrapper\"><h2 style=\"text-align: center;\">Contact us today!<\/h2>\n<\/div><\/div><div class=\"w-separator size_custom\" style=\"height:5px\"><\/div><div class=\"wpb_text_column\"><div class=\"wpb_wrapper\"><p style=\"text-align: center;\"><span style=\"font-weight: 400;\">Contact us today to find out how GrandPack can transform your business.<\/span><\/p>\n<\/div><\/div><div class=\"w-separator size_custom\" style=\"height:20px\"><\/div><div class=\"w-image align_center\"><div class=\"w-image-h\"><img decoding=\"async\" width=\"34\" height=\"36\" src=\"https:\/\/grandpack.com\/wp-content\/uploads\/2024\/06\/grandpack-icone-sous-traitance-1.png\" class=\"attachment-thumbnail size-thumbnail\" alt=\"\" loading=\"lazy\" \/><\/div><\/div><div class=\"w-separator size_medium\"><\/div><form class=\"w-form  us-field-style_1 us_custom_4124a334 layout_ver for_cform us_form_1\" autocomplete=\"off\" action=\"https:\/\/grandpack.com\/en\/wp-json\/wp\/v2\/pages\/8623\" method=\"post\"><div class=\"w-form-h\"><div class=\"w-form-row for_text has_label required cols_2\">\r\n\t\t\t<div class=\"w-form-row-label\">\r\n\t\t\t<span>Name *<\/span>\r\n\t\t<\/div>\r\n\t\t<div class=\"w-form-row-field\">\r\n\t\t\t\t\t\t<input aria-label=\"Name\" type=\"text\" name=\"us_form_1_text_1\" value placeholder data-required=\"true\" aria-required=\"true\"\/>\r\n\t\t\t<\/div>\r\n\t\t<div class=\"w-form-row-state\">Fill out this field<\/div>\r\n<\/div>\r\n<div class=\"w-form-row for_text has_label cols_2\">\r\n\t\t\t<div class=\"w-form-row-label\">\r\n\t\t\t<span>First name<\/span>\r\n\t\t<\/div>\r\n\t\t<div class=\"w-form-row-field\">\r\n\t\t\t\t\t\t<input aria-label=\"First name\" type=\"text\" name=\"us_form_1_text_2\" value placeholder\/>\r\n\t\t\t<\/div>\r\n\t\t<div class=\"w-form-row-state\">Fill out this field<\/div>\r\n<\/div>\r\n<div class=\"w-form-row for_email has_label required cols_2\">\r\n\t\t\t<div class=\"w-form-row-label\">\r\n\t\t\t<span>E-mail address *<\/span>\r\n\t\t<\/div>\r\n\t\t<div class=\"w-form-row-field\">\r\n\t\t\t\t\t\t<input aria-label=\"E-mail address\" type=\"email\" name=\"us_form_1_email_1\" value placeholder data-required=\"true\" aria-required=\"true\"\/>\r\n\t\t\t<\/div>\r\n\t\t<div class=\"w-form-row-state\">Please enter a valid email address.<\/div>\r\n<\/div>\r\n<div class=\"w-form-row for_text has_label required cols_2\">\r\n\t\t\t<div class=\"w-form-row-label\">\r\n\t\t\t<span>Phone *<\/span>\r\n\t\t<\/div>\r\n\t\t<div class=\"w-form-row-field\">\r\n\t\t\t\t\t\t<input aria-label=\"Phone\" inputmode=\"tel\" type=\"text\" name=\"us_form_1_text_3\" value placeholder data-required=\"true\" aria-required=\"true\"\/>\r\n\t\t\t<\/div>\r\n\t\t<div class=\"w-form-row-state\">Fill out this field<\/div>\r\n<\/div>\r\n<div class=\"w-form-row for_textarea has_label\">\r\n\t\t\t<div class=\"w-form-row-label\">\r\n\t\t\t<span>Message<\/span>\r\n\t\t<\/div>\r\n\t\t<div class=\"w-form-row-field\">\r\n\t\t\t\t\t\t<textarea aria-label=\"Message\" name=\"us_form_1_textarea_1\" placeholder><\/textarea>\r\n\t\t\t<\/div>\r\n\t\t<div class=\"w-form-row-state\">Fill out this field<\/div>\r\n<\/div>\r\n<div class=\"w-form-row for_agreement required\">\r\n\t\t<div class=\"w-form-row-field\">\r\n\t\t\t\t<label>\r\n\t\t\t<input type=\"checkbox\" value=\"1\" data-required=\"true\" aria-required=\"true\" name=\"us_form_1_agreement_1\"\/>\r\n\t\t\t<span>By filling in this form, I agree that the information entered may be used in connection with the contact request. For further information on data, see our <a href=\"https:\/\/grandpack.com\/en\/terms-of-use\/\" target=\"_blank\" color=\"#fff\">personal data management policy.<\/a><\/span>\r\n\t\t<\/label>\r\n\t\t\t<\/div>\r\n\t\t<div class=\"w-form-row-state\">You need to agree with the terms to proceed<\/div>\r\n<\/div>\r\n<input type=\"hidden\" name=\"action\" value=\"us_ajax_cform\" \/>\r\n<input type=\"hidden\" name=\"post_id\" value=\"0\" \/>\r\n<input type=\"hidden\" name=\"form_index\" value=\"1\" \/>\r\n<div class=\"w-form-row for_submit align_right\">\r\n\t<button class=\"w-btn  us-btn-style_1\" aria-label=\"Submit\" type=\"submit\">\r\n\t\t<span class=\"g-preloader type_1\"><\/span>\r\n\t\t\t\t<span class=\"w-btn-label\">Submit<\/span>\r\n\t\t\t<\/button>\r\n\t<\/div>\r\n<\/div><div class=\"w-form-message\"><\/div><div class=\"w-form-json hidden\" onclick='return {&quot;ajaxurl&quot;:&quot;https:\\\/\\\/grandpack.com\\\/wp-admin\\\/admin-ajax.php&quot;,&quot;messages&quot;:{&quot;err_empty&quot;:&quot;Fill out this field&quot;,&quot;err_size&quot;:&quot;File size cannot exceed %s MB&quot;,&quot;err_extension&quot;:&quot;%s file type is not allowed&quot;}}'><\/div><\/form><\/div><\/div><\/div><\/div><\/section>\n","protected":false},"excerpt":{"rendered":"Contact06 88 57 53 69contact@grandpack.com Head office: GrandPack SRL, Bucure\u0219ti Sectorul 4, Bulevardul REGINA MARIA, Nr. 32, PARTER, BIROUL NR 8, MODUL G Place of operation : GrandPack SRL, Chiajna, str. Industriilor no. 56, Ilfov county Follow us on LinkedInCreated in 2024 to take over some of the activities of its sister company, GrandPack SRL...","protected":false},"author":2,"featured_media":0,"parent":0,"menu_order":0,"comment_status":"closed","ping_status":"closed","template":"","meta":{"footnotes":""},"class_list":["post-8623","page","type-page","status-publish","hentry"],"yoast_head":"<!-- This site is optimized with the Yoast SEO plugin v24.1 - https:\/\/yoast.com\/wordpress\/plugins\/seo\/ -->\n<title>Contact - GrandPack<\/title>\n<meta name=\"robots\" content=\"index, follow, max-snippet:-1, max-image-preview:large, max-video-preview:-1\" \/>\n<link rel=\"canonical\" href=\"https:\/\/grandpack.com\/en\/contact\/\" \/>\n<meta property=\"og:locale\" content=\"en_US\" \/>\n<meta property=\"og:type\" content=\"article\" \/>\n<meta property=\"og:title\" content=\"Contact - GrandPack\" \/>\n<meta property=\"og:url\" content=\"https:\/\/grandpack.com\/en\/contact\/\" \/>\n<meta property=\"og:site_name\" content=\"GrandPack\" \/>\n<meta property=\"article:modified_time\" content=\"2024-12-11T10:05:04+00:00\" \/>\n<meta name=\"twitter:card\" content=\"summary_large_image\" \/>\n<meta name=\"twitter:label1\" content=\"Est. reading time\" \/>\n\t<meta name=\"twitter:data1\" content=\"6 minutes\" \/>\n<script type=\"application\/ld+json\" class=\"yoast-schema-graph\">{\"@context\":\"https:\/\/schema.org\",\"@graph\":[{\"@type\":\"WebPage\",\"@id\":\"https:\/\/grandpack.com\/en\/contact\/\",\"url\":\"https:\/\/grandpack.com\/en\/contact\/\",\"name\":\"Contact - GrandPack\",\"isPartOf\":{\"@id\":\"https:\/\/grandpack.com\/#website\"},\"datePublished\":\"2024-06-17T13:56:27+00:00\",\"dateModified\":\"2024-12-11T10:05:04+00:00\",\"breadcrumb\":{\"@id\":\"https:\/\/grandpack.com\/en\/contact\/#breadcrumb\"},\"inLanguage\":\"en-US\",\"potentialAction\":[{\"@type\":\"ReadAction\",\"target\":[\"https:\/\/grandpack.com\/en\/contact\/\"]}]},{\"@type\":\"BreadcrumbList\",\"@id\":\"https:\/\/grandpack.com\/en\/contact\/#breadcrumb\",\"itemListElement\":[{\"@type\":\"ListItem\",\"position\":1,\"name\":\"Accueil\",\"item\":\"https:\/\/grandpack.com\/en\/home\/\"},{\"@type\":\"ListItem\",\"position\":2,\"name\":\"Contact\"}]},{\"@type\":\"WebSite\",\"@id\":\"https:\/\/grandpack.com\/#website\",\"url\":\"https:\/\/grandpack.com\/\",\"name\":\"GrandPack\",\"description\":\"Sous-traitance - Pr\u00e9paration de commandes - Contr\u00f4le qualit\u00e9\",\"publisher\":{\"@id\":\"https:\/\/grandpack.com\/#organization\"},\"potentialAction\":[{\"@type\":\"SearchAction\",\"target\":{\"@type\":\"EntryPoint\",\"urlTemplate\":\"https:\/\/grandpack.com\/?s={search_term_string}\"},\"query-input\":{\"@type\":\"PropertyValueSpecification\",\"valueRequired\":true,\"valueName\":\"search_term_string\"}}],\"inLanguage\":\"en-US\"},{\"@type\":\"Organization\",\"@id\":\"https:\/\/grandpack.com\/#organization\",\"name\":\"GrandPack\",\"url\":\"https:\/\/grandpack.com\/\",\"logo\":{\"@type\":\"ImageObject\",\"inLanguage\":\"en-US\",\"@id\":\"https:\/\/grandpack.com\/#\/schema\/logo\/image\/\",\"url\":\"https:\/\/grandpack.com\/wp-content\/uploads\/2024\/06\/logo-grandpack-scaled.jpg\",\"contentUrl\":\"https:\/\/grandpack.com\/wp-content\/uploads\/2024\/06\/logo-grandpack-scaled.jpg\",\"width\":2560,\"height\":1810,\"caption\":\"GrandPack\"},\"image\":{\"@id\":\"https:\/\/grandpack.com\/#\/schema\/logo\/image\/\"}}]}<\/script>\n<!-- \/ Yoast SEO plugin. -->","yoast_head_json":{"title":"Contact - GrandPack","robots":{"index":"index","follow":"follow","max-snippet":"max-snippet:-1","max-image-preview":"max-image-preview:large","max-video-preview":"max-video-preview:-1"},"canonical":"https:\/\/grandpack.com\/en\/contact\/","og_locale":"en_US","og_type":"article","og_title":"Contact - GrandPack","og_url":"https:\/\/grandpack.com\/en\/contact\/","og_site_name":"GrandPack","article_modified_time":"2024-12-11T10:05:04+00:00","twitter_card":"summary_large_image","twitter_misc":{"Est. reading time":"6 minutes"},"schema":{"@context":"https:\/\/schema.org","@graph":[{"@type":"WebPage","@id":"https:\/\/grandpack.com\/en\/contact\/","url":"https:\/\/grandpack.com\/en\/contact\/","name":"Contact - GrandPack","isPartOf":{"@id":"https:\/\/grandpack.com\/#website"},"datePublished":"2024-06-17T13:56:27+00:00","dateModified":"2024-12-11T10:05:04+00:00","breadcrumb":{"@id":"https:\/\/grandpack.com\/en\/contact\/#breadcrumb"},"inLanguage":"en-US","potentialAction":[{"@type":"ReadAction","target":["https:\/\/grandpack.com\/en\/contact\/"]}]},{"@type":"BreadcrumbList","@id":"https:\/\/grandpack.com\/en\/contact\/#breadcrumb","itemListElement":[{"@type":"ListItem","position":1,"name":"Accueil","item":"https:\/\/grandpack.com\/en\/home\/"},{"@type":"ListItem","position":2,"name":"Contact"}]},{"@type":"WebSite","@id":"https:\/\/grandpack.com\/#website","url":"https:\/\/grandpack.com\/","name":"GrandPack","description":"Sous-traitance - Pr\u00e9paration de commandes - Contr\u00f4le qualit\u00e9","publisher":{"@id":"https:\/\/grandpack.com\/#organization"},"potentialAction":[{"@type":"SearchAction","target":{"@type":"EntryPoint","urlTemplate":"https:\/\/grandpack.com\/?s={search_term_string}"},"query-input":{"@type":"PropertyValueSpecification","valueRequired":true,"valueName":"search_term_string"}}],"inLanguage":"en-US"},{"@type":"Organization","@id":"https:\/\/grandpack.com\/#organization","name":"GrandPack","url":"https:\/\/grandpack.com\/","logo":{"@type":"ImageObject","inLanguage":"en-US","@id":"https:\/\/grandpack.com\/#\/schema\/logo\/image\/","url":"https:\/\/grandpack.com\/wp-content\/uploads\/2024\/06\/logo-grandpack-scaled.jpg","contentUrl":"https:\/\/grandpack.com\/wp-content\/uploads\/2024\/06\/logo-grandpack-scaled.jpg","width":2560,"height":1810,"caption":"GrandPack"},"image":{"@id":"https:\/\/grandpack.com\/#\/schema\/logo\/image\/"}}]}},"_links":{"self":[{"href":"https:\/\/grandpack.com\/en\/wp-json\/wp\/v2\/pages\/8623","targetHints":{"allow":["GET"]}}],"collection":[{"href":"https:\/\/grandpack.com\/en\/wp-json\/wp\/v2\/pages"}],"about":[{"href":"https:\/\/grandpack.com\/en\/wp-json\/wp\/v2\/types\/page"}],"author":[{"embeddable":true,"href":"https:\/\/grandpack.com\/en\/wp-json\/wp\/v2\/users\/2"}],"replies":[{"embeddable":true,"href":"https:\/\/grandpack.com\/en\/wp-json\/wp\/v2\/comments?post=8623"}],"version-history":[{"count":2,"href":"https:\/\/grandpack.com\/en\/wp-json\/wp\/v2\/pages\/8623\/revisions"}],"predecessor-version":[{"id":8625,"href":"https:\/\/grandpack.com\/en\/wp-json\/wp\/v2\/pages\/8623\/revisions\/8625"}],"wp:attachment":[{"href":"https:\/\/grandpack.com\/en\/wp-json\/wp\/v2\/media?parent=8623"}],"curies":[{"name":"wp","href":"https:\/\/api.w.org\/{rel}","templated":true}]}}