{"id":8626,"date":"2024-10-25T12:14:52","date_gmt":"2024-10-25T10:14:52","guid":{"rendered":"https:\/\/grandpack.com\/services\/"},"modified":"2024-12-13T09:43:06","modified_gmt":"2024-12-13T08:43:06","slug":"services","status":"publish","type":"page","link":"https:\/\/grandpack.com\/en\/services\/","title":{"rendered":"Services"},"content":{"rendered":"<section class=\"l-section wpb_row us_custom_0a227583 height_medium width_custom\" style=\"--site-content-width:900px;\" id=\"second\"><div class=\"l-section-overlay\" style=\"background:rgba(0,0,0,0.45)\"><\/div><div class=\"l-section-h i-cf\"><div class=\"g-cols vc_row via_grid cols_1 laptops-cols_inherit tablets-cols_inherit mobiles-cols_1 valign_top type_default stacking_default\"><div class=\"wpb_column vc_column_container us_custom_1edb1bc4\"><div class=\"vc_column-inner\"><div class=\"w-separator size_large\"><\/div><div class=\"wpb_text_column us_custom_f495ce2d has_text_color\"><div class=\"wpb_wrapper\"><h1>Our services<\/h1>\n<\/div><\/div><div class=\"w-separator size_small\"><\/div><div class=\"wpb_text_column us_custom_a95d4c5e has_text_color\"><div class=\"wpb_wrapper\"><p><span style=\"font-weight: 400;\">Discover our subcontracting, order preparation and electrical cable quality control services.<\/span><\/p>\n<\/div><\/div><div class=\"w-separator size_small\"><\/div><div class=\"w-btn-wrapper align_center\"><a class=\"w-btn us-btn-style_27\" href=\"https:\/\/grandpack.com\/en\/contact\/\"><span class=\"w-btn-label\">Contact us<\/span><\/a><\/div><\/div><\/div><\/div><\/div><\/section><section class=\"l-section wpb_row height_custom\"><div class=\"l-section-h i-cf\"><div class=\"g-cols vc_row via_grid cols_1 laptops-cols_inherit tablets-cols_inherit mobiles-cols_1 valign_top type_default stacking_default\"><div class=\"wpb_column vc_column_container us_custom_41879682\"><div class=\"vc_column-inner\"><div class=\"wpb_text_column\"><div class=\"wpb_wrapper\"><h2 style=\"text-align: center;\">Our mission<\/h2>\n<\/div><\/div><div class=\"w-separator size_small\"><\/div><div class=\"w-image align_center\"><div class=\"w-image-h\"><img decoding=\"async\" width=\"34\" height=\"36\" src=\"https:\/\/grandpack.com\/wp-content\/uploads\/2024\/06\/grandpack-icone-sous-traitance-1.png\" class=\"attachment-thumbnail size-thumbnail\" alt=\"\" loading=\"lazy\" \/><\/div><\/div><div class=\"w-separator size_medium\"><\/div><div class=\"wpb_text_column\"><div class=\"wpb_wrapper\"><p style=\"text-align: center;\"><span style=\"font-weight: 400;\">Welcome to GrandPack, where we help entrepreneurs get out of the daily grind. Our mission is to enable you to concentrate on the strategic development of your business, by taking over the logistical and technical operations that take up too many of your resources.  <\/span><\/p>\n<p style=\"text-align: center;\"><span style=\"font-weight: 400;\">With GrandPack, outsource with confidence and save time for what really matters: the future of your business.<\/span><\/p>\n<\/div><\/div><\/div><\/div><\/div><\/div><\/section><section class=\"l-section wpb_row us_custom_853a0bd1 height_large\"><div class=\"l-section-h i-cf\"><div class=\"g-cols vc_row via_grid cols_1 laptops-cols_inherit tablets-cols_inherit mobiles-cols_1 valign_top type_default stacking_default\"><div class=\"wpb_column vc_column_container\"><div class=\"vc_column-inner\"><div class=\"wpb_text_column us_custom_73baa0a3 has_text_color\"><div class=\"wpb_wrapper\"><h2 style=\"text-align: center;\">Our services<\/h2>\n<\/div><\/div><div class=\"w-separator size_medium\"><\/div><div class=\"g-cols wpb_row via_grid cols_2 laptops-cols_inherit tablets-cols_inherit mobiles-cols_1 valign_middle type_default stacking_default\" style=\"--gap:4vw;\"><div class=\"wpb_column vc_column_container\"><div class=\"vc_column-inner\"><div class=\"w-image style_circle has_ratio align_none\"><div class=\"w-image-h\"><div style=\"padding-bottom:100%\"><\/div><img decoding=\"async\" width=\"768\" height=\"1024\" src=\"https:\/\/grandpack.com\/wp-content\/uploads\/2024\/10\/grandpack-sous-traitance-commandes-controle-qualite-768x1024.jpg\" class=\"attachment-large size-large\" alt=\"\" loading=\"lazy\" \/><\/div><\/div><\/div><\/div><div class=\"wpb_column vc_column_container\"><div class=\"vc_column-inner\"><div class=\"wpb_text_column us_custom_432d3f53\"><div class=\"wpb_wrapper\"><h3>Outsourcing<\/h3>\n<p><span style=\"font-weight: 400;\">At GrandPack, we offer much more than just an outsourcing service. We make our premises and human resources available to take on tasks that require space, personnel and time. Whether you need to manage machinery, inventory or packaging operations, GrandPack can adapt to your specific needs. We guarantee that our work will meet your quality standards and your requirements.   <\/span><\/p>\n<p><span style=\"font-weight: 400;\">We even train our operators in your processes to ensure a smooth transition and a job perfectly in line with your expectations. Entrust us with your resource-intensive logistical or technical tasks without fear of additional costs. GrandPack helps you reduce your costs while maintaining operational excellence.  <\/span><\/p>\n<\/div><\/div><\/div><\/div><\/div><\/div><\/div><\/div><\/div><\/section><section class=\"l-section wpb_row height_huge width_custom color_secondary with_img\" style=\"--site-content-width:900px;\"><div class=\"l-section-img\" role=\"img\" data-img-width=\"1600\" data-img-height=\"1200\" style=\"background-image: url(https:\/\/grandpack.com\/wp-content\/uploads\/2024\/10\/grandpack-sous-traitance-commandes-controle-qualite3.jpg);\"><\/div><div class=\"l-section-overlay\" style=\"background:rgba(0,0,0,0.65)\"><\/div><div class=\"l-section-h i-cf\"><div class=\"g-cols vc_row via_grid cols_1 laptops-cols_inherit tablets-cols_inherit mobiles-cols_1 valign_top type_default stacking_default\"><div class=\"wpb_column vc_column_container\"><div class=\"vc_column-inner\"><h3 class=\"w-text us_custom_eb849559\"><span class=\"w-text-h\"><span class=\"w-text-value\">Order picking<\/span><\/span><\/h3><div class=\"w-separator size_small\"><\/div><div class=\"wpb_text_column us_custom_432d3f53\"><div class=\"wpb_wrapper\"><p><span style=\"font-weight: 400;\">At GrandPack, we take complete charge of your order preparation. Entrust us with your product inventory, and we&#8217;ll take care of everything from order assembly to dispatch. Thanks to our qualified teams and adapted infrastructures, we prepare your orders in strict conformity with your requirements for packing, perceived quality and your customer experience.  <\/span><\/p>\n<p><span style=\"font-weight: 400;\">Whether you have particular packaging needs or specific presentation requirements, GrandPack guarantees careful, on-time work that meets your standards. Delegate these critical operations with complete peace of mind, and concentrate on developing your business. <\/span><\/p>\n<\/div><\/div><\/div><\/div><\/div><\/div><\/section><section class=\"l-section wpb_row us_custom_853a0bd1 height_large\"><div class=\"l-section-h i-cf\"><div class=\"g-cols vc_row via_grid cols_1 laptops-cols_inherit tablets-cols_inherit mobiles-cols_1 valign_top type_default stacking_default\"><div class=\"wpb_column vc_column_container\"><div class=\"vc_column-inner\"><div class=\"w-separator size_large\"><\/div><div class=\"g-cols wpb_row via_grid cols_2 laptops-cols_inherit tablets-cols_inherit mobiles-cols_1 valign_middle type_default stacking_default\" style=\"--gap:4vw;\"><div class=\"wpb_column vc_column_container\"><div class=\"vc_column-inner\"><div class=\"wpb_text_column us_custom_432d3f53\"><div class=\"wpb_wrapper\"><h3 style=\"text-align: left;\">Quality control of electrical cables<\/h3>\n<p><span style=\"font-weight: 400;\">At GrandPack, we put our expertise and state-of-the-art equipment at the service of electrical cable quality control. This work requires meticulous attention to detail and know-how, as well as the right equipment to guarantee rigorous verification in conformity with the strictest standards. <\/span><\/p>\n<p><span style=\"font-weight: 400;\">Cable quality control is a time-consuming and often costly task for traditional subcontractors. Thanks to our agile organization and strategic geographical location, GrandPack is able to offer you these services at unbeatable prices, without compromising on quality. We optimize every step of the process to offer you a reliable, cost-effective service, enabling you to delegate this demanding mission while keeping your costs under control.  <\/span><\/p>\n<\/div><\/div><\/div><\/div><div class=\"wpb_column vc_column_container\"><div class=\"vc_column-inner\"><div class=\"w-image style_circle has_ratio align_none\"><div class=\"w-image-h\"><div style=\"padding-bottom:100%\"><\/div><img decoding=\"async\" width=\"1024\" height=\"768\" src=\"https:\/\/grandpack.com\/wp-content\/uploads\/2024\/10\/grandpack-sous-traitance-commandes-controle-qualite4-1024x768.jpg\" class=\"attachment-large size-large\" alt=\"\" loading=\"lazy\" \/><\/div><\/div><\/div><\/div><\/div><\/div><\/div><\/div><\/div><\/section><section class=\"l-section wpb_row height_custom\"><div class=\"l-section-overlay\" style=\"background:var(--color-content-bg-alt)\"><\/div><div class=\"l-section-h i-cf\"><div class=\"g-cols vc_row via_grid cols_1 laptops-cols_inherit tablets-cols_inherit mobiles-cols_1 valign_top type_default stacking_default\"><div class=\"wpb_column vc_column_container us_custom_2c45f91b\"><div class=\"vc_column-inner\"><div class=\"wpb_text_column\"><div class=\"wpb_wrapper\"><h2 style=\"text-align: center;\">Contact us<\/h2>\n<\/div><\/div><div class=\"w-separator size_small\"><\/div><div class=\"w-image us_custom_5c0dde35 align_center\"><div class=\"w-image-h\"><img decoding=\"async\" width=\"34\" height=\"36\" src=\"https:\/\/grandpack.com\/wp-content\/uploads\/2024\/06\/grandpack-icone-sous-traitance-1.png\" class=\"attachment-thumbnail size-thumbnail\" alt=\"\" loading=\"lazy\" \/><\/div><\/div><div class=\"w-separator size_small\"><\/div><div class=\"wpb_text_column us_custom_7a1cc367 has_text_color\"><div class=\"wpb_wrapper\"><p><span style=\"font-weight: 400;\">Ready to optimize your operations and reduce your costs? C Contact us today to find out how GrandPack can help!<\/span><\/p>\n<\/div><\/div><div class=\"w-separator size_small\"><\/div><div class=\"w-btn-wrapper align_center\"><a class=\"w-btn us-btn-style_27\" href=\"https:\/\/grandpack.com\/en\/contact\/\"><span class=\"w-btn-label\">Read more<\/span><\/a><\/div><\/div><\/div><\/div><\/div><\/section>\n","protected":false},"excerpt":{"rendered":"Our services Discover our subcontracting, order preparation and electrical cable quality control services. Contact usOur mission Welcome to GrandPack, where we help entrepreneurs get out of the daily grind. Our mission is to enable you to concentrate on the strategic development of your business, by taking over the logistical and technical operations that take up...","protected":false},"author":2,"featured_media":0,"parent":0,"menu_order":0,"comment_status":"closed","ping_status":"closed","template":"","meta":{"footnotes":""},"class_list":["post-8626","page","type-page","status-publish","hentry"],"yoast_head":"<!-- This site is optimized with the Yoast SEO plugin v24.1 - https:\/\/yoast.com\/wordpress\/plugins\/seo\/ -->\n<title>Services - GrandPack<\/title>\n<meta name=\"robots\" content=\"index, follow, max-snippet:-1, max-image-preview:large, max-video-preview:-1\" \/>\n<link rel=\"canonical\" href=\"https:\/\/grandpack.com\/en\/services\/\" \/>\n<meta property=\"og:locale\" content=\"en_US\" \/>\n<meta property=\"og:type\" content=\"article\" \/>\n<meta property=\"og:title\" content=\"Services - GrandPack\" \/>\n<meta property=\"og:url\" content=\"https:\/\/grandpack.com\/en\/services\/\" \/>\n<meta property=\"og:site_name\" content=\"GrandPack\" \/>\n<meta property=\"article:modified_time\" content=\"2024-12-13T08:43:06+00:00\" \/>\n<meta name=\"twitter:card\" content=\"summary_large_image\" \/>\n<meta name=\"twitter:label1\" content=\"Est. reading time\" \/>\n\t<meta name=\"twitter:data1\" content=\"6 minutes\" \/>\n<script type=\"application\/ld+json\" class=\"yoast-schema-graph\">{\"@context\":\"https:\/\/schema.org\",\"@graph\":[{\"@type\":\"WebPage\",\"@id\":\"https:\/\/grandpack.com\/en\/services\/\",\"url\":\"https:\/\/grandpack.com\/en\/services\/\",\"name\":\"Services - GrandPack\",\"isPartOf\":{\"@id\":\"https:\/\/grandpack.com\/#website\"},\"datePublished\":\"2024-10-25T10:14:52+00:00\",\"dateModified\":\"2024-12-13T08:43:06+00:00\",\"breadcrumb\":{\"@id\":\"https:\/\/grandpack.com\/en\/services\/#breadcrumb\"},\"inLanguage\":\"en-US\",\"potentialAction\":[{\"@type\":\"ReadAction\",\"target\":[\"https:\/\/grandpack.com\/en\/services\/\"]}]},{\"@type\":\"BreadcrumbList\",\"@id\":\"https:\/\/grandpack.com\/en\/services\/#breadcrumb\",\"itemListElement\":[{\"@type\":\"ListItem\",\"position\":1,\"name\":\"Accueil\",\"item\":\"https:\/\/grandpack.com\/en\/home\/\"},{\"@type\":\"ListItem\",\"position\":2,\"name\":\"Services\"}]},{\"@type\":\"WebSite\",\"@id\":\"https:\/\/grandpack.com\/#website\",\"url\":\"https:\/\/grandpack.com\/\",\"name\":\"GrandPack\",\"description\":\"Sous-traitance - Pr\u00e9paration de commandes - Contr\u00f4le qualit\u00e9\",\"publisher\":{\"@id\":\"https:\/\/grandpack.com\/#organization\"},\"potentialAction\":[{\"@type\":\"SearchAction\",\"target\":{\"@type\":\"EntryPoint\",\"urlTemplate\":\"https:\/\/grandpack.com\/?s={search_term_string}\"},\"query-input\":{\"@type\":\"PropertyValueSpecification\",\"valueRequired\":true,\"valueName\":\"search_term_string\"}}],\"inLanguage\":\"en-US\"},{\"@type\":\"Organization\",\"@id\":\"https:\/\/grandpack.com\/#organization\",\"name\":\"GrandPack\",\"url\":\"https:\/\/grandpack.com\/\",\"logo\":{\"@type\":\"ImageObject\",\"inLanguage\":\"en-US\",\"@id\":\"https:\/\/grandpack.com\/#\/schema\/logo\/image\/\",\"url\":\"https:\/\/grandpack.com\/wp-content\/uploads\/2024\/06\/logo-grandpack-scaled.jpg\",\"contentUrl\":\"https:\/\/grandpack.com\/wp-content\/uploads\/2024\/06\/logo-grandpack-scaled.jpg\",\"width\":2560,\"height\":1810,\"caption\":\"GrandPack\"},\"image\":{\"@id\":\"https:\/\/grandpack.com\/#\/schema\/logo\/image\/\"}}]}<\/script>\n<!-- \/ Yoast SEO plugin. -->","yoast_head_json":{"title":"Services - GrandPack","robots":{"index":"index","follow":"follow","max-snippet":"max-snippet:-1","max-image-preview":"max-image-preview:large","max-video-preview":"max-video-preview:-1"},"canonical":"https:\/\/grandpack.com\/en\/services\/","og_locale":"en_US","og_type":"article","og_title":"Services - GrandPack","og_url":"https:\/\/grandpack.com\/en\/services\/","og_site_name":"GrandPack","article_modified_time":"2024-12-13T08:43:06+00:00","twitter_card":"summary_large_image","twitter_misc":{"Est. reading time":"6 minutes"},"schema":{"@context":"https:\/\/schema.org","@graph":[{"@type":"WebPage","@id":"https:\/\/grandpack.com\/en\/services\/","url":"https:\/\/grandpack.com\/en\/services\/","name":"Services - GrandPack","isPartOf":{"@id":"https:\/\/grandpack.com\/#website"},"datePublished":"2024-10-25T10:14:52+00:00","dateModified":"2024-12-13T08:43:06+00:00","breadcrumb":{"@id":"https:\/\/grandpack.com\/en\/services\/#breadcrumb"},"inLanguage":"en-US","potentialAction":[{"@type":"ReadAction","target":["https:\/\/grandpack.com\/en\/services\/"]}]},{"@type":"BreadcrumbList","@id":"https:\/\/grandpack.com\/en\/services\/#breadcrumb","itemListElement":[{"@type":"ListItem","position":1,"name":"Accueil","item":"https:\/\/grandpack.com\/en\/home\/"},{"@type":"ListItem","position":2,"name":"Services"}]},{"@type":"WebSite","@id":"https:\/\/grandpack.com\/#website","url":"https:\/\/grandpack.com\/","name":"GrandPack","description":"Sous-traitance - Pr\u00e9paration de commandes - Contr\u00f4le qualit\u00e9","publisher":{"@id":"https:\/\/grandpack.com\/#organization"},"potentialAction":[{"@type":"SearchAction","target":{"@type":"EntryPoint","urlTemplate":"https:\/\/grandpack.com\/?s={search_term_string}"},"query-input":{"@type":"PropertyValueSpecification","valueRequired":true,"valueName":"search_term_string"}}],"inLanguage":"en-US"},{"@type":"Organization","@id":"https:\/\/grandpack.com\/#organization","name":"GrandPack","url":"https:\/\/grandpack.com\/","logo":{"@type":"ImageObject","inLanguage":"en-US","@id":"https:\/\/grandpack.com\/#\/schema\/logo\/image\/","url":"https:\/\/grandpack.com\/wp-content\/uploads\/2024\/06\/logo-grandpack-scaled.jpg","contentUrl":"https:\/\/grandpack.com\/wp-content\/uploads\/2024\/06\/logo-grandpack-scaled.jpg","width":2560,"height":1810,"caption":"GrandPack"},"image":{"@id":"https:\/\/grandpack.com\/#\/schema\/logo\/image\/"}}]}},"_links":{"self":[{"href":"https:\/\/grandpack.com\/en\/wp-json\/wp\/v2\/pages\/8626","targetHints":{"allow":["GET"]}}],"collection":[{"href":"https:\/\/grandpack.com\/en\/wp-json\/wp\/v2\/pages"}],"about":[{"href":"https:\/\/grandpack.com\/en\/wp-json\/wp\/v2\/types\/page"}],"author":[{"embeddable":true,"href":"https:\/\/grandpack.com\/en\/wp-json\/wp\/v2\/users\/2"}],"replies":[{"embeddable":true,"href":"https:\/\/grandpack.com\/en\/wp-json\/wp\/v2\/comments?post=8626"}],"version-history":[{"count":5,"href":"https:\/\/grandpack.com\/en\/wp-json\/wp\/v2\/pages\/8626\/revisions"}],"predecessor-version":[{"id":8648,"href":"https:\/\/grandpack.com\/en\/wp-json\/wp\/v2\/pages\/8626\/revisions\/8648"}],"wp:attachment":[{"href":"https:\/\/grandpack.com\/en\/wp-json\/wp\/v2\/media?parent=8626"}],"curies":[{"name":"wp","href":"https:\/\/api.w.org\/{rel}","templated":true}]}}